{"id":1248,"date":"2020-11-24T16:20:19","date_gmt":"2020-11-24T15:20:19","guid":{"rendered":"https:\/\/www.aallard.com\/?page_id=1248"},"modified":"2026-04-10T18:09:43","modified_gmt":"2026-04-10T16:09:43","slug":"nos-boutiques-aallard","status":"publish","type":"page","link":"https:\/\/www.aallard.com\/en\/nos-boutiques-aallard\/","title":{"rendered":"Nos boutiques"},"content":{"rendered":"","protected":false},"excerpt":{"rendered":"","protected":false},"author":1,"featured_media":0,"parent":0,"menu_order":0,"comment_status":"closed","ping_status":"closed","template":"page-templates\/template-shops.php","meta":{"_acf_changed":false,"footnotes":""},"class_list":["post-1248","page","type-page","status-publish","hentry"],"acf":[],"yoast_head":"<!-- This site is optimized with the Yoast SEO plugin v27.5 - https:\/\/yoast.com\/product\/yoast-seo-wordpress\/ -->\n<title>Nos boutiques - AAllard<\/title>\n<meta name=\"description\" content=\"Horaires d&#039;ouvertures des boutiques AAllard de Meg\u00e8ve, plan d&#039;acc\u00e8s, adresses, t\u00e9l\u00e9phone, email, infos utiles...\" \/>\n<meta name=\"robots\" content=\"index, follow, max-snippet:-1, max-image-preview:large, max-video-preview:-1\" \/>\n<link rel=\"canonical\" href=\"https:\/\/www.aallard.com\/en\/nos-boutiques-aallard\/\" \/>\n<meta property=\"og:locale\" content=\"en_US\" \/>\n<meta property=\"og:type\" content=\"article\" \/>\n<meta property=\"og:title\" content=\"Nos boutiques - AAllard\" \/>\n<meta property=\"og:description\" content=\"Horaires d&#039;ouvertures des boutiques AAllard de Meg\u00e8ve, plan d&#039;acc\u00e8s, adresses, t\u00e9l\u00e9phone, email, infos utiles...\" \/>\n<meta property=\"og:url\" content=\"https:\/\/www.aallard.com\/en\/nos-boutiques-aallard\/\" \/>\n<meta property=\"og:site_name\" content=\"AAllard\" \/>\n<meta property=\"article:publisher\" content=\"https:\/\/www.facebook.com\/AALLARD.Megeve\/\" \/>\n<meta property=\"article:modified_time\" content=\"2026-04-10T16:09:43+00:00\" \/>\n<meta name=\"twitter:card\" content=\"summary_large_image\" \/>\n<script type=\"application\/ld+json\" class=\"yoast-schema-graph\">{\"@context\":\"https:\\\/\\\/schema.org\",\"@graph\":[{\"@type\":\"WebPage\",\"@id\":\"https:\\\/\\\/www.aallard.com\\\/en\\\/nos-boutiques-aallard\\\/\",\"url\":\"https:\\\/\\\/www.aallard.com\\\/en\\\/nos-boutiques-aallard\\\/\",\"name\":\"Nos boutiques - AAllard\",\"isPartOf\":{\"@id\":\"https:\\\/\\\/www.aallard.com\\\/en\\\/#website\"},\"datePublished\":\"2020-11-24T15:20:19+00:00\",\"dateModified\":\"2026-04-10T16:09:43+00:00\",\"description\":\"Horaires d'ouvertures des boutiques AAllard de Meg\u00e8ve, plan d'acc\u00e8s, adresses, t\u00e9l\u00e9phone, email, infos utiles...\",\"inLanguage\":\"en-US\",\"potentialAction\":[{\"@type\":\"ReadAction\",\"target\":[\"https:\\\/\\\/www.aallard.com\\\/en\\\/nos-boutiques-aallard\\\/\"]}]},{\"@type\":\"WebSite\",\"@id\":\"https:\\\/\\\/www.aallard.com\\\/en\\\/#website\",\"url\":\"https:\\\/\\\/www.aallard.com\\\/en\\\/\",\"name\":\"AAllard\",\"description\":\"AALLARD simply unique\",\"publisher\":{\"@id\":\"https:\\\/\\\/www.aallard.com\\\/en\\\/#organization\"},\"potentialAction\":[{\"@type\":\"SearchAction\",\"target\":{\"@type\":\"EntryPoint\",\"urlTemplate\":\"https:\\\/\\\/www.aallard.com\\\/en\\\/?s={search_term_string}\"},\"query-input\":{\"@type\":\"PropertyValueSpecification\",\"valueRequired\":true,\"valueName\":\"search_term_string\"}}],\"inLanguage\":\"en-US\"},{\"@type\":\"Organization\",\"@id\":\"https:\\\/\\\/www.aallard.com\\\/en\\\/#organization\",\"name\":\"AAllard Meg\u00e8ve\",\"url\":\"https:\\\/\\\/www.aallard.com\\\/en\\\/\",\"logo\":{\"@type\":\"ImageObject\",\"inLanguage\":\"en-US\",\"@id\":\"https:\\\/\\\/www.aallard.com\\\/en\\\/#\\\/schema\\\/logo\\\/image\\\/\",\"url\":\"\",\"contentUrl\":\"\",\"caption\":\"AAllard Meg\u00e8ve\"},\"image\":{\"@id\":\"https:\\\/\\\/www.aallard.com\\\/en\\\/#\\\/schema\\\/logo\\\/image\\\/\"},\"sameAs\":[\"https:\\\/\\\/www.facebook.com\\\/AALLARD.Megeve\\\/\",\"https:\\\/\\\/www.instagram.com\\\/aallardmegeve\\\/\",\"https:\\\/\\\/www.youtube.com\\\/channel\\\/UC6VDTp0lFvisHXYt4Lc2Aeg\",\"https:\\\/\\\/fr.wikipedia.org\\\/wiki\\\/AAllard_(entreprise)\"]}]}<\/script>\n<!-- \/ Yoast SEO plugin. -->","yoast_head_json":{"title":"Nos boutiques - AAllard","description":"Horaires d'ouvertures des boutiques AAllard de Meg\u00e8ve, plan d'acc\u00e8s, adresses, t\u00e9l\u00e9phone, email, infos utiles...","robots":{"index":"index","follow":"follow","max-snippet":"max-snippet:-1","max-image-preview":"max-image-preview:large","max-video-preview":"max-video-preview:-1"},"canonical":"https:\/\/www.aallard.com\/en\/nos-boutiques-aallard\/","og_locale":"en_US","og_type":"article","og_title":"Nos boutiques - AAllard","og_description":"Horaires d'ouvertures des boutiques AAllard de Meg\u00e8ve, plan d'acc\u00e8s, adresses, t\u00e9l\u00e9phone, email, infos utiles...","og_url":"https:\/\/www.aallard.com\/en\/nos-boutiques-aallard\/","og_site_name":"AAllard","article_publisher":"https:\/\/www.facebook.com\/AALLARD.Megeve\/","article_modified_time":"2026-04-10T16:09:43+00:00","twitter_card":"summary_large_image","schema":{"@context":"https:\/\/schema.org","@graph":[{"@type":"WebPage","@id":"https:\/\/www.aallard.com\/en\/nos-boutiques-aallard\/","url":"https:\/\/www.aallard.com\/en\/nos-boutiques-aallard\/","name":"Nos boutiques - AAllard","isPartOf":{"@id":"https:\/\/www.aallard.com\/en\/#website"},"datePublished":"2020-11-24T15:20:19+00:00","dateModified":"2026-04-10T16:09:43+00:00","description":"Horaires d'ouvertures des boutiques AAllard de Meg\u00e8ve, plan d'acc\u00e8s, adresses, t\u00e9l\u00e9phone, email, infos utiles...","inLanguage":"en-US","potentialAction":[{"@type":"ReadAction","target":["https:\/\/www.aallard.com\/en\/nos-boutiques-aallard\/"]}]},{"@type":"WebSite","@id":"https:\/\/www.aallard.com\/en\/#website","url":"https:\/\/www.aallard.com\/en\/","name":"AAllard","description":"AALLARD simply unique","publisher":{"@id":"https:\/\/www.aallard.com\/en\/#organization"},"potentialAction":[{"@type":"SearchAction","target":{"@type":"EntryPoint","urlTemplate":"https:\/\/www.aallard.com\/en\/?s={search_term_string}"},"query-input":{"@type":"PropertyValueSpecification","valueRequired":true,"valueName":"search_term_string"}}],"inLanguage":"en-US"},{"@type":"Organization","@id":"https:\/\/www.aallard.com\/en\/#organization","name":"AAllard Meg\u00e8ve","url":"https:\/\/www.aallard.com\/en\/","logo":{"@type":"ImageObject","inLanguage":"en-US","@id":"https:\/\/www.aallard.com\/en\/#\/schema\/logo\/image\/","url":"","contentUrl":"","caption":"AAllard Meg\u00e8ve"},"image":{"@id":"https:\/\/www.aallard.com\/en\/#\/schema\/logo\/image\/"},"sameAs":["https:\/\/www.facebook.com\/AALLARD.Megeve\/","https:\/\/www.instagram.com\/aallardmegeve\/","https:\/\/www.youtube.com\/channel\/UC6VDTp0lFvisHXYt4Lc2Aeg","https:\/\/fr.wikipedia.org\/wiki\/AAllard_(entreprise)"]}]}},"_links":{"self":[{"href":"https:\/\/www.aallard.com\/en\/wp-json\/wp\/v2\/pages\/1248","targetHints":{"allow":["GET"]}}],"collection":[{"href":"https:\/\/www.aallard.com\/en\/wp-json\/wp\/v2\/pages"}],"about":[{"href":"https:\/\/www.aallard.com\/en\/wp-json\/wp\/v2\/types\/page"}],"author":[{"embeddable":true,"href":"https:\/\/www.aallard.com\/en\/wp-json\/wp\/v2\/users\/1"}],"replies":[{"embeddable":true,"href":"https:\/\/www.aallard.com\/en\/wp-json\/wp\/v2\/comments?post=1248"}],"version-history":[{"count":0,"href":"https:\/\/www.aallard.com\/en\/wp-json\/wp\/v2\/pages\/1248\/revisions"}],"wp:attachment":[{"href":"https:\/\/www.aallard.com\/en\/wp-json\/wp\/v2\/media?parent=1248"}],"curies":[{"name":"wp","href":"https:\/\/api.w.org\/{rel}","templated":true}]}}